{"id":12081,"date":"2026-04-20T14:32:39","date_gmt":"2026-04-20T14:32:39","guid":{"rendered":"https:\/\/hammocknest.com\/de\/?post_type=product&#038;p=12081"},"modified":"2026-04-20T14:43:59","modified_gmt":"2026-04-20T14:43:59","slug":"haengematten-ueberdachung-cime-perfekt-fuer-ihren-kleiderstaender","status":"publish","type":"product","link":"https:\/\/hammocknest.com\/de\/product\/haengematten-ueberdachung-cime-perfekt-fuer-ihren-kleiderstaender\/","title":{"rendered":"H\u00e4ngematten-\u00dcberdachung | Cime &#8211; Perfekt f\u00fcr Ihren Kleiderst\u00e4nder"},"content":{"rendered":"","protected":false},"excerpt":{"rendered":"","protected":false},"featured_media":12370,"comment_status":"closed","ping_status":"closed","template":"","meta":[],"product_brand":[],"product_cat":[289],"product_tag":[281],"class_list":{"0":"post-12081","1":"product","2":"type-product","3":"status-publish","4":"has-post-thumbnail","6":"product_cat-haengematten-mit-gestell","7":"product_tag-hamac-moustiquaire","9":"first","10":"instock","11":"sale","12":"taxable","13":"shipping-taxable","14":"purchasable","15":"product-type-variable"},"_links":{"self":[{"href":"https:\/\/hammocknest.com\/de\/wp-json\/wp\/v2\/product\/12081","targetHints":{"allow":["GET"]}}],"collection":[{"href":"https:\/\/hammocknest.com\/de\/wp-json\/wp\/v2\/product"}],"about":[{"href":"https:\/\/hammocknest.com\/de\/wp-json\/wp\/v2\/types\/product"}],"replies":[{"embeddable":true,"href":"https:\/\/hammocknest.com\/de\/wp-json\/wp\/v2\/comments?post=12081"}],"wp:featuredmedia":[{"embeddable":true,"href":"https:\/\/hammocknest.com\/de\/wp-json\/wp\/v2\/media\/12370"}],"wp:attachment":[{"href":"https:\/\/hammocknest.com\/de\/wp-json\/wp\/v2\/media?parent=12081"}],"wp:term":[{"taxonomy":"product_brand","embeddable":true,"href":"https:\/\/hammocknest.com\/de\/wp-json\/wp\/v2\/product_brand?post=12081"},{"taxonomy":"product_cat","embeddable":true,"href":"https:\/\/hammocknest.com\/de\/wp-json\/wp\/v2\/product_cat?post=12081"},{"taxonomy":"product_tag","embeddable":true,"href":"https:\/\/hammocknest.com\/de\/wp-json\/wp\/v2\/product_tag?post=12081"}],"curies":[{"name":"wp","href":"https:\/\/api.w.org\/{rel}","templated":true}]}}