{"id":12064,"date":"2026-04-20T14:32:30","date_gmt":"2026-04-20T14:32:30","guid":{"rendered":"https:\/\/hammocknest.com\/de\/?post_type=product&#038;p=12064"},"modified":"2026-04-20T14:35:53","modified_gmt":"2026-04-20T14:35:53","slug":"katzenhaengematte-koenigin-perfekt-fuer-maine-coons","status":"publish","type":"product","link":"https:\/\/hammocknest.com\/de\/product\/katzenhaengematte-koenigin-perfekt-fuer-maine-coons\/","title":{"rendered":"Katzenh\u00e4ngematte | K\u00f6nigin &#8211; Perfekt f\u00fcr Maine Coons"},"content":{"rendered":"","protected":false},"excerpt":{"rendered":"","protected":false},"featured_media":12353,"comment_status":"closed","ping_status":"closed","template":"","meta":[],"product_brand":[],"product_cat":[298,293],"product_tag":[284],"class_list":{"0":"post-12064","1":"product","2":"type-product","3":"status-publish","4":"has-post-thumbnail","6":"product_cat-haengematten-fuer-katzen","7":"product_cat-katzenhaengematten","8":"product_tag-hamac-pour-chat","10":"first","11":"instock","12":"taxable","13":"shipping-taxable","14":"purchasable","15":"product-type-simple"},"_links":{"self":[{"href":"https:\/\/hammocknest.com\/de\/wp-json\/wp\/v2\/product\/12064","targetHints":{"allow":["GET"]}}],"collection":[{"href":"https:\/\/hammocknest.com\/de\/wp-json\/wp\/v2\/product"}],"about":[{"href":"https:\/\/hammocknest.com\/de\/wp-json\/wp\/v2\/types\/product"}],"replies":[{"embeddable":true,"href":"https:\/\/hammocknest.com\/de\/wp-json\/wp\/v2\/comments?post=12064"}],"wp:featuredmedia":[{"embeddable":true,"href":"https:\/\/hammocknest.com\/de\/wp-json\/wp\/v2\/media\/12353"}],"wp:attachment":[{"href":"https:\/\/hammocknest.com\/de\/wp-json\/wp\/v2\/media?parent=12064"}],"wp:term":[{"taxonomy":"product_brand","embeddable":true,"href":"https:\/\/hammocknest.com\/de\/wp-json\/wp\/v2\/product_brand?post=12064"},{"taxonomy":"product_cat","embeddable":true,"href":"https:\/\/hammocknest.com\/de\/wp-json\/wp\/v2\/product_cat?post=12064"},{"taxonomy":"product_tag","embeddable":true,"href":"https:\/\/hammocknest.com\/de\/wp-json\/wp\/v2\/product_tag?post=12064"}],"curies":[{"name":"wp","href":"https:\/\/api.w.org\/{rel}","templated":true}]}}