{"id":12062,"date":"2026-04-20T14:32:29","date_gmt":"2026-04-20T14:32:29","guid":{"rendered":"https:\/\/hammocknest.com\/de\/?post_type=product&#038;p=12062"},"modified":"2026-04-20T14:43:57","modified_gmt":"2026-04-20T14:43:57","slug":"pflege-haengematte-fuer-katzen-balou-ideal-fuer-maine-coons","status":"publish","type":"product","link":"https:\/\/hammocknest.com\/de\/product\/pflege-haengematte-fuer-katzen-balou-ideal-fuer-maine-coons\/","title":{"rendered":"Pflege-H\u00e4ngematte f\u00fcr Katzen | Balou &#8211; Ideal f\u00fcr Maine Coons"},"content":{"rendered":"","protected":false},"excerpt":{"rendered":"","protected":false},"featured_media":12351,"comment_status":"closed","ping_status":"closed","template":"","meta":[],"product_brand":[],"product_cat":[298,293],"product_tag":[284],"class_list":{"0":"post-12062","1":"product","2":"type-product","3":"status-publish","4":"has-post-thumbnail","6":"product_cat-haengematten-fuer-katzen","7":"product_cat-katzenhaengematten","8":"product_tag-hamac-pour-chat","10":"first","11":"instock","12":"taxable","13":"shipping-taxable","14":"purchasable","15":"product-type-variable"},"_links":{"self":[{"href":"https:\/\/hammocknest.com\/de\/wp-json\/wp\/v2\/product\/12062","targetHints":{"allow":["GET"]}}],"collection":[{"href":"https:\/\/hammocknest.com\/de\/wp-json\/wp\/v2\/product"}],"about":[{"href":"https:\/\/hammocknest.com\/de\/wp-json\/wp\/v2\/types\/product"}],"replies":[{"embeddable":true,"href":"https:\/\/hammocknest.com\/de\/wp-json\/wp\/v2\/comments?post=12062"}],"wp:featuredmedia":[{"embeddable":true,"href":"https:\/\/hammocknest.com\/de\/wp-json\/wp\/v2\/media\/12351"}],"wp:attachment":[{"href":"https:\/\/hammocknest.com\/de\/wp-json\/wp\/v2\/media?parent=12062"}],"wp:term":[{"taxonomy":"product_brand","embeddable":true,"href":"https:\/\/hammocknest.com\/de\/wp-json\/wp\/v2\/product_brand?post=12062"},{"taxonomy":"product_cat","embeddable":true,"href":"https:\/\/hammocknest.com\/de\/wp-json\/wp\/v2\/product_cat?post=12062"},{"taxonomy":"product_tag","embeddable":true,"href":"https:\/\/hammocknest.com\/de\/wp-json\/wp\/v2\/product_tag?post=12062"}],"curies":[{"name":"wp","href":"https:\/\/api.w.org\/{rel}","templated":true}]}}