{"id":12048,"date":"2026-04-20T14:32:23","date_gmt":"2026-04-20T14:32:23","guid":{"rendered":"https:\/\/hammocknest.com\/de\/?post_type=product&#038;p=12048"},"modified":"2026-04-20T14:35:41","modified_gmt":"2026-04-20T14:35:41","slug":"aufblasbare-haengemattenmatratze-briz-perfekt-fuer-ihren-heizkoerper","status":"publish","type":"product","link":"https:\/\/hammocknest.com\/de\/product\/aufblasbare-haengemattenmatratze-briz-perfekt-fuer-ihren-heizkoerper\/","title":{"rendered":"Aufblasbare H\u00e4ngemattenmatratze | Briz &#8211; Perfekt f\u00fcr Ihren Heizk\u00f6rper"},"content":{"rendered":"","protected":false},"excerpt":{"rendered":"","protected":false},"featured_media":12337,"comment_status":"closed","ping_status":"closed","template":"","meta":[],"product_brand":[],"product_cat":[],"product_tag":[287],"class_list":{"0":"post-12048","1":"product","2":"type-product","3":"status-publish","4":"has-post-thumbnail","6":"product_tag-hamac-gonflable","8":"first","9":"instock","10":"taxable","11":"shipping-taxable","12":"purchasable","13":"product-type-simple"},"_links":{"self":[{"href":"https:\/\/hammocknest.com\/de\/wp-json\/wp\/v2\/product\/12048","targetHints":{"allow":["GET"]}}],"collection":[{"href":"https:\/\/hammocknest.com\/de\/wp-json\/wp\/v2\/product"}],"about":[{"href":"https:\/\/hammocknest.com\/de\/wp-json\/wp\/v2\/types\/product"}],"replies":[{"embeddable":true,"href":"https:\/\/hammocknest.com\/de\/wp-json\/wp\/v2\/comments?post=12048"}],"wp:featuredmedia":[{"embeddable":true,"href":"https:\/\/hammocknest.com\/de\/wp-json\/wp\/v2\/media\/12337"}],"wp:attachment":[{"href":"https:\/\/hammocknest.com\/de\/wp-json\/wp\/v2\/media?parent=12048"}],"wp:term":[{"taxonomy":"product_brand","embeddable":true,"href":"https:\/\/hammocknest.com\/de\/wp-json\/wp\/v2\/product_brand?post=12048"},{"taxonomy":"product_cat","embeddable":true,"href":"https:\/\/hammocknest.com\/de\/wp-json\/wp\/v2\/product_cat?post=12048"},{"taxonomy":"product_tag","embeddable":true,"href":"https:\/\/hammocknest.com\/de\/wp-json\/wp\/v2\/product_tag?post=12048"}],"curies":[{"name":"wp","href":"https:\/\/api.w.org\/{rel}","templated":true}]}}