{"id":12033,"date":"2026-04-20T14:32:15","date_gmt":"2026-04-20T14:32:15","guid":{"rendered":"https:\/\/hammocknest.com\/de\/?post_type=product&#038;p=12033"},"modified":"2026-04-20T14:43:51","modified_gmt":"2026-04-20T14:43:51","slug":"bivouac-haengematte-orlan-ideal-fuer-gartenmoebel-aus-rattan","status":"publish","type":"product","link":"https:\/\/hammocknest.com\/de\/product\/bivouac-haengematte-orlan-ideal-fuer-gartenmoebel-aus-rattan\/","title":{"rendered":"Bivouac H\u00e4ngematte | Orlan &#8211; Ideal f\u00fcr Gartenm\u00f6bel aus Rattan"},"content":{"rendered":"","protected":false},"excerpt":{"rendered":"","protected":false},"featured_media":12322,"comment_status":"closed","ping_status":"closed","template":"","meta":[],"product_brand":[],"product_cat":[291],"product_tag":[281],"class_list":{"0":"post-12033","1":"product","2":"type-product","3":"status-publish","4":"has-post-thumbnail","6":"product_cat-garten-und-innenhaengematten","7":"product_tag-hamac-moustiquaire","9":"first","10":"instock","11":"taxable","12":"shipping-taxable","13":"purchasable","14":"product-type-variable"},"_links":{"self":[{"href":"https:\/\/hammocknest.com\/de\/wp-json\/wp\/v2\/product\/12033","targetHints":{"allow":["GET"]}}],"collection":[{"href":"https:\/\/hammocknest.com\/de\/wp-json\/wp\/v2\/product"}],"about":[{"href":"https:\/\/hammocknest.com\/de\/wp-json\/wp\/v2\/types\/product"}],"replies":[{"embeddable":true,"href":"https:\/\/hammocknest.com\/de\/wp-json\/wp\/v2\/comments?post=12033"}],"wp:featuredmedia":[{"embeddable":true,"href":"https:\/\/hammocknest.com\/de\/wp-json\/wp\/v2\/media\/12322"}],"wp:attachment":[{"href":"https:\/\/hammocknest.com\/de\/wp-json\/wp\/v2\/media?parent=12033"}],"wp:term":[{"taxonomy":"product_brand","embeddable":true,"href":"https:\/\/hammocknest.com\/de\/wp-json\/wp\/v2\/product_brand?post=12033"},{"taxonomy":"product_cat","embeddable":true,"href":"https:\/\/hammocknest.com\/de\/wp-json\/wp\/v2\/product_cat?post=12033"},{"taxonomy":"product_tag","embeddable":true,"href":"https:\/\/hammocknest.com\/de\/wp-json\/wp\/v2\/product_tag?post=12033"}],"curies":[{"name":"wp","href":"https:\/\/api.w.org\/{rel}","templated":true}]}}