{"id":12023,"date":"2026-04-20T14:32:05","date_gmt":"2026-04-20T14:32:05","guid":{"rendered":"https:\/\/hammocknest.com\/de\/?post_type=product&#038;p=12023"},"modified":"2026-04-25T21:13:27","modified_gmt":"2026-04-25T21:13:27","slug":"bequeme-haengematte-fursy","status":"publish","type":"product","link":"https:\/\/hammocknest.com\/de\/product\/bequeme-haengematte-fursy\/","title":{"rendered":"Bequeme H\u00e4ngematte | Fursy"},"content":{"rendered":"<p>Entspannen Sie sich in absolutem Komfort mit dieser bequemen H\u00e4ngematte. Ergonomisches Design und hochwertige Leinwand. Eigenschaften: Weiches und bequemes Nylongewebe, leicht und langlebig, atmungsaktives Gewebe, rei\u00dffest, maximale Belastung: 250 kg, Einzelma\u00dfe: 190 x 80 cm, Doppelma\u00dfe: 190 x 150 cm, komplettes Installationsset im Lieferumfang enthalten. Entdecken Sie diese herrliche, bequeme H\u00e4ngematte f\u00fcr alle Liebhaber von Nickerchen zu Hause. Entspannen Sie sich in einer sehr hochwertigen, widerstandsf\u00e4higen und bequemen Leinwand. Aus langlebigen Materialien gefertigt, wird es Ihnen problemlos dabei helfen, Ihnen einen unvergesslichen Moment der Entspannung zu bieten. Sie erhalten ein komplettes Set mit allen notwendigen Befestigungen f\u00fcr eine einfache und sichere Installation. Es l\u00e4sst sich ganz einfach in einem Schlaf- oder Wohnzimmer zwischen zwei festen Punkten installieren und Sie k\u00f6nnen so eine entspannte Auszeit mit h\u00f6chstem Komfort genie\u00dfen. F\u00fcr diejenigen, die sich nach entspannenden Momenten im Freien sehnen und gleichzeitig die Sch\u00f6nheit der Natur genie\u00dfen m\u00f6chten, bietet unser H\u00e4ngematten-Leinwand die perfekte Pause, um zu entfliehen und neue Energie zu tanken. Wenn Ihnen dieses Modell zusagt, laden wir Sie ein, unsere gesamte H\u00e4ngemattenkollektion zu durchst\u00f6bern, um die ideale Version zu finden, die Ihren W\u00fcnschen entspricht. Amaccas garantiert schnellen Versand (72 Stunden) Kostenlose Standardlieferung! Franz\u00f6sischer Kundendienst und reaktionsschneller Kundenservice<\/p>\n","protected":false},"excerpt":{"rendered":"<p>Entspannen Sie sich in absolutem Komfort mit dieser bequemen H\u00e4ngematte. Ergonomisches Design und hochwertige Leinwand. Eigenschaften: Weiches und bequemes Nylongewebe, leicht und langlebig, atmungsaktives Gewebe, rei\u00dffest, maximale Belastung: 250 kg, Einzelma\u00dfe: 190 x 80 cm, Doppelma\u00dfe: 190 x 150 cm, komplettes Installationsset im Lieferumfang enthalten. Entdecken Sie diese herrliche, bequeme H\u00e4ngematte f\u00fcr alle Liebhaber von [&hellip;]<\/p>\n","protected":false},"featured_media":12312,"comment_status":"closed","ping_status":"closed","template":"","meta":[],"product_brand":[],"product_cat":[],"product_tag":[286],"class_list":{"0":"post-12023","1":"product","2":"type-product","3":"status-publish","4":"has-post-thumbnail","6":"product_tag-hamac","8":"first","9":"instock","10":"taxable","11":"shipping-taxable","12":"purchasable","13":"product-type-variable"},"_links":{"self":[{"href":"https:\/\/hammocknest.com\/de\/wp-json\/wp\/v2\/product\/12023","targetHints":{"allow":["GET"]}}],"collection":[{"href":"https:\/\/hammocknest.com\/de\/wp-json\/wp\/v2\/product"}],"about":[{"href":"https:\/\/hammocknest.com\/de\/wp-json\/wp\/v2\/types\/product"}],"replies":[{"embeddable":true,"href":"https:\/\/hammocknest.com\/de\/wp-json\/wp\/v2\/comments?post=12023"}],"wp:featuredmedia":[{"embeddable":true,"href":"https:\/\/hammocknest.com\/de\/wp-json\/wp\/v2\/media\/12312"}],"wp:attachment":[{"href":"https:\/\/hammocknest.com\/de\/wp-json\/wp\/v2\/media?parent=12023"}],"wp:term":[{"taxonomy":"product_brand","embeddable":true,"href":"https:\/\/hammocknest.com\/de\/wp-json\/wp\/v2\/product_brand?post=12023"},{"taxonomy":"product_cat","embeddable":true,"href":"https:\/\/hammocknest.com\/de\/wp-json\/wp\/v2\/product_cat?post=12023"},{"taxonomy":"product_tag","embeddable":true,"href":"https:\/\/hammocknest.com\/de\/wp-json\/wp\/v2\/product_tag?post=12023"}],"curies":[{"name":"wp","href":"https:\/\/api.w.org\/{rel}","templated":true}]}}