{"id":11909,"date":"2026-04-20T14:30:55","date_gmt":"2026-04-20T14:30:55","guid":{"rendered":"https:\/\/hammocknest.com\/de\/?post_type=product&#038;p=11909"},"modified":"2026-04-20T14:34:07","modified_gmt":"2026-04-20T14:34:07","slug":"haengesessel-auf-staender-float-ideal-fuer-gemuetliches-wohnen","status":"publish","type":"product","link":"https:\/\/hammocknest.com\/de\/product\/haengesessel-auf-staender-float-ideal-fuer-gemuetliches-wohnen\/","title":{"rendered":"H\u00e4ngesessel auf St\u00e4nder | Float &#8211; Ideal f\u00fcr Gem\u00fctliches Wohnen"},"content":{"rendered":"","protected":false},"excerpt":{"rendered":"","protected":false},"featured_media":12198,"comment_status":"closed","ping_status":"closed","template":"","meta":[],"product_brand":[],"product_cat":[],"product_tag":[],"class_list":{"0":"post-11909","1":"product","2":"type-product","3":"status-publish","4":"has-post-thumbnail","7":"first","8":"instock","9":"taxable","10":"shipping-taxable","11":"purchasable","12":"product-type-simple"},"_links":{"self":[{"href":"https:\/\/hammocknest.com\/de\/wp-json\/wp\/v2\/product\/11909","targetHints":{"allow":["GET"]}}],"collection":[{"href":"https:\/\/hammocknest.com\/de\/wp-json\/wp\/v2\/product"}],"about":[{"href":"https:\/\/hammocknest.com\/de\/wp-json\/wp\/v2\/types\/product"}],"replies":[{"embeddable":true,"href":"https:\/\/hammocknest.com\/de\/wp-json\/wp\/v2\/comments?post=11909"}],"wp:featuredmedia":[{"embeddable":true,"href":"https:\/\/hammocknest.com\/de\/wp-json\/wp\/v2\/media\/12198"}],"wp:attachment":[{"href":"https:\/\/hammocknest.com\/de\/wp-json\/wp\/v2\/media?parent=11909"}],"wp:term":[{"taxonomy":"product_brand","embeddable":true,"href":"https:\/\/hammocknest.com\/de\/wp-json\/wp\/v2\/product_brand?post=11909"},{"taxonomy":"product_cat","embeddable":true,"href":"https:\/\/hammocknest.com\/de\/wp-json\/wp\/v2\/product_cat?post=11909"},{"taxonomy":"product_tag","embeddable":true,"href":"https:\/\/hammocknest.com\/de\/wp-json\/wp\/v2\/product_tag?post=11909"}],"curies":[{"name":"wp","href":"https:\/\/api.w.org\/{rel}","templated":true}]}}