{"id":11895,"date":"2026-04-20T14:30:48","date_gmt":"2026-04-20T14:30:48","guid":{"rendered":"https:\/\/hammocknest.com\/de\/?post_type=product&#038;p=11895"},"modified":"2026-04-20T14:33:58","modified_gmt":"2026-04-20T14:33:58","slug":"indoor-haengematte-eneko-perfekt-fuer-rattan-gartenmoebel","status":"publish","type":"product","link":"https:\/\/hammocknest.com\/de\/product\/indoor-haengematte-eneko-perfekt-fuer-rattan-gartenmoebel\/","title":{"rendered":"Indoor-H\u00e4ngematte | Eneko &#8211; Perfekt f\u00fcr Rattan-Gartenm\u00f6bel"},"content":{"rendered":"","protected":false},"excerpt":{"rendered":"","protected":false},"featured_media":12184,"comment_status":"closed","ping_status":"closed","template":"","meta":[],"product_brand":[],"product_cat":[291],"product_tag":[286],"class_list":{"0":"post-11895","1":"product","2":"type-product","3":"status-publish","4":"has-post-thumbnail","6":"product_cat-garten-und-innenhaengematten","7":"product_tag-hamac","9":"first","10":"instock","11":"taxable","12":"shipping-taxable","13":"purchasable","14":"product-type-simple"},"_links":{"self":[{"href":"https:\/\/hammocknest.com\/de\/wp-json\/wp\/v2\/product\/11895","targetHints":{"allow":["GET"]}}],"collection":[{"href":"https:\/\/hammocknest.com\/de\/wp-json\/wp\/v2\/product"}],"about":[{"href":"https:\/\/hammocknest.com\/de\/wp-json\/wp\/v2\/types\/product"}],"replies":[{"embeddable":true,"href":"https:\/\/hammocknest.com\/de\/wp-json\/wp\/v2\/comments?post=11895"}],"wp:featuredmedia":[{"embeddable":true,"href":"https:\/\/hammocknest.com\/de\/wp-json\/wp\/v2\/media\/12184"}],"wp:attachment":[{"href":"https:\/\/hammocknest.com\/de\/wp-json\/wp\/v2\/media?parent=11895"}],"wp:term":[{"taxonomy":"product_brand","embeddable":true,"href":"https:\/\/hammocknest.com\/de\/wp-json\/wp\/v2\/product_brand?post=11895"},{"taxonomy":"product_cat","embeddable":true,"href":"https:\/\/hammocknest.com\/de\/wp-json\/wp\/v2\/product_cat?post=11895"},{"taxonomy":"product_tag","embeddable":true,"href":"https:\/\/hammocknest.com\/de\/wp-json\/wp\/v2\/product_tag?post=11895"}],"curies":[{"name":"wp","href":"https:\/\/api.w.org\/{rel}","templated":true}]}}