{"id":11892,"date":"2026-04-20T14:30:45","date_gmt":"2026-04-20T14:30:45","guid":{"rendered":"https:\/\/hammocknest.com\/de\/?post_type=product&#038;p=11892"},"modified":"2026-04-20T14:43:40","modified_gmt":"2026-04-20T14:43:40","slug":"zweisitzer-haengematte-adria-perfekt-fuer-gemuetliche-momente","status":"publish","type":"product","link":"https:\/\/hammocknest.com\/de\/product\/zweisitzer-haengematte-adria-perfekt-fuer-gemuetliche-momente\/","title":{"rendered":"Zweisitzer-H\u00e4ngematte | Adria &#8211; Perfekt f\u00fcr Gem\u00fctliche Momente"},"content":{"rendered":"","protected":false},"excerpt":{"rendered":"","protected":false},"featured_media":12181,"comment_status":"closed","ping_status":"closed","template":"","meta":[],"product_brand":[],"product_cat":[290],"product_tag":[281],"class_list":{"0":"post-11892","1":"product","2":"type-product","3":"status-publish","4":"has-post-thumbnail","6":"product_cat-zweisitzer-haengematten","7":"product_tag-hamac-moustiquaire","9":"first","10":"instock","11":"taxable","12":"shipping-taxable","13":"purchasable","14":"product-type-variable"},"_links":{"self":[{"href":"https:\/\/hammocknest.com\/de\/wp-json\/wp\/v2\/product\/11892","targetHints":{"allow":["GET"]}}],"collection":[{"href":"https:\/\/hammocknest.com\/de\/wp-json\/wp\/v2\/product"}],"about":[{"href":"https:\/\/hammocknest.com\/de\/wp-json\/wp\/v2\/types\/product"}],"replies":[{"embeddable":true,"href":"https:\/\/hammocknest.com\/de\/wp-json\/wp\/v2\/comments?post=11892"}],"wp:featuredmedia":[{"embeddable":true,"href":"https:\/\/hammocknest.com\/de\/wp-json\/wp\/v2\/media\/12181"}],"wp:attachment":[{"href":"https:\/\/hammocknest.com\/de\/wp-json\/wp\/v2\/media?parent=11892"}],"wp:term":[{"taxonomy":"product_brand","embeddable":true,"href":"https:\/\/hammocknest.com\/de\/wp-json\/wp\/v2\/product_brand?post=11892"},{"taxonomy":"product_cat","embeddable":true,"href":"https:\/\/hammocknest.com\/de\/wp-json\/wp\/v2\/product_cat?post=11892"},{"taxonomy":"product_tag","embeddable":true,"href":"https:\/\/hammocknest.com\/de\/wp-json\/wp\/v2\/product_tag?post=11892"}],"curies":[{"name":"wp","href":"https:\/\/api.w.org\/{rel}","templated":true}]}}