{"id":11889,"date":"2026-04-20T14:30:44","date_gmt":"2026-04-20T14:30:44","guid":{"rendered":"https:\/\/hammocknest.com\/de\/?post_type=product&#038;p=11889"},"modified":"2026-04-20T14:33:54","modified_gmt":"2026-04-20T14:33:54","slug":"haengemattenstoff-fuer-gestell-leolo-perfekt-fuer-ihre-aussenanordnung","status":"publish","type":"product","link":"https:\/\/hammocknest.com\/de\/product\/haengemattenstoff-fuer-gestell-leolo-perfekt-fuer-ihre-aussenanordnung\/","title":{"rendered":"H\u00e4ngemattenstoff f\u00fcr Gestell | Leolo | Perfekt f\u00fcr Ihre Au\u00dfenanordnung"},"content":{"rendered":"","protected":false},"excerpt":{"rendered":"","protected":false},"featured_media":12178,"comment_status":"closed","ping_status":"closed","template":"","meta":[],"product_brand":[],"product_cat":[],"product_tag":[286],"class_list":{"0":"post-11889","1":"product","2":"type-product","3":"status-publish","4":"has-post-thumbnail","6":"product_tag-hamac","8":"first","9":"instock","10":"taxable","11":"shipping-taxable","12":"purchasable","13":"product-type-simple"},"_links":{"self":[{"href":"https:\/\/hammocknest.com\/de\/wp-json\/wp\/v2\/product\/11889","targetHints":{"allow":["GET"]}}],"collection":[{"href":"https:\/\/hammocknest.com\/de\/wp-json\/wp\/v2\/product"}],"about":[{"href":"https:\/\/hammocknest.com\/de\/wp-json\/wp\/v2\/types\/product"}],"replies":[{"embeddable":true,"href":"https:\/\/hammocknest.com\/de\/wp-json\/wp\/v2\/comments?post=11889"}],"wp:featuredmedia":[{"embeddable":true,"href":"https:\/\/hammocknest.com\/de\/wp-json\/wp\/v2\/media\/12178"}],"wp:attachment":[{"href":"https:\/\/hammocknest.com\/de\/wp-json\/wp\/v2\/media?parent=11889"}],"wp:term":[{"taxonomy":"product_brand","embeddable":true,"href":"https:\/\/hammocknest.com\/de\/wp-json\/wp\/v2\/product_brand?post=11889"},{"taxonomy":"product_cat","embeddable":true,"href":"https:\/\/hammocknest.com\/de\/wp-json\/wp\/v2\/product_cat?post=11889"},{"taxonomy":"product_tag","embeddable":true,"href":"https:\/\/hammocknest.com\/de\/wp-json\/wp\/v2\/product_tag?post=11889"}],"curies":[{"name":"wp","href":"https:\/\/api.w.org\/{rel}","templated":true}]}}