{"id":11863,"date":"2026-04-20T14:30:26","date_gmt":"2026-04-20T14:30:26","guid":{"rendered":"https:\/\/hammocknest.com\/de\/?post_type=product&#038;p=11863"},"modified":"2026-04-20T14:33:33","modified_gmt":"2026-04-20T14:33:33","slug":"haengemattenbezug-freez-perfekt-fuer-ihr-solo-camping-fuer-zwei","status":"publish","type":"product","link":"https:\/\/hammocknest.com\/de\/product\/haengemattenbezug-freez-perfekt-fuer-ihr-solo-camping-fuer-zwei\/","title":{"rendered":"H\u00e4ngemattenbezug | Freez &#8211; Perfekt f\u00fcr Ihr Solo-Camping f\u00fcr Zwei"},"content":{"rendered":"","protected":false},"excerpt":{"rendered":"","protected":false},"featured_media":12152,"comment_status":"closed","ping_status":"closed","template":"","meta":[],"product_brand":[],"product_cat":[290],"product_tag":[281],"class_list":{"0":"post-11863","1":"product","2":"type-product","3":"status-publish","4":"has-post-thumbnail","6":"product_cat-zweisitzer-haengematten","7":"product_tag-hamac-moustiquaire","9":"first","10":"instock","11":"taxable","12":"shipping-taxable","13":"purchasable","14":"product-type-simple"},"_links":{"self":[{"href":"https:\/\/hammocknest.com\/de\/wp-json\/wp\/v2\/product\/11863","targetHints":{"allow":["GET"]}}],"collection":[{"href":"https:\/\/hammocknest.com\/de\/wp-json\/wp\/v2\/product"}],"about":[{"href":"https:\/\/hammocknest.com\/de\/wp-json\/wp\/v2\/types\/product"}],"replies":[{"embeddable":true,"href":"https:\/\/hammocknest.com\/de\/wp-json\/wp\/v2\/comments?post=11863"}],"wp:featuredmedia":[{"embeddable":true,"href":"https:\/\/hammocknest.com\/de\/wp-json\/wp\/v2\/media\/12152"}],"wp:attachment":[{"href":"https:\/\/hammocknest.com\/de\/wp-json\/wp\/v2\/media?parent=11863"}],"wp:term":[{"taxonomy":"product_brand","embeddable":true,"href":"https:\/\/hammocknest.com\/de\/wp-json\/wp\/v2\/product_brand?post=11863"},{"taxonomy":"product_cat","embeddable":true,"href":"https:\/\/hammocknest.com\/de\/wp-json\/wp\/v2\/product_cat?post=11863"},{"taxonomy":"product_tag","embeddable":true,"href":"https:\/\/hammocknest.com\/de\/wp-json\/wp\/v2\/product_tag?post=11863"}],"curies":[{"name":"wp","href":"https:\/\/api.w.org\/{rel}","templated":true}]}}