{"id":11857,"date":"2026-04-20T14:30:23","date_gmt":"2026-04-20T14:30:23","guid":{"rendered":"https:\/\/hammocknest.com\/de\/?post_type=product&#038;p=11857"},"modified":"2026-04-20T14:43:37","modified_gmt":"2026-04-20T14:43:37","slug":"haengende-haengemattenstuhl-finn-perfekt-fuer-ihren-wohnraum","status":"publish","type":"product","link":"https:\/\/hammocknest.com\/de\/product\/haengende-haengemattenstuhl-finn-perfekt-fuer-ihren-wohnraum\/","title":{"rendered":"H\u00e4ngende H\u00e4ngemattenstuhl | Finn &#8211; Perfekt f\u00fcr Ihren Wohnraum"},"content":{"rendered":"","protected":false},"excerpt":{"rendered":"","protected":false},"featured_media":12146,"comment_status":"closed","ping_status":"closed","template":"","meta":[],"product_brand":[],"product_cat":[289],"product_tag":[282],"class_list":{"0":"post-11857","1":"product","2":"type-product","3":"status-publish","4":"has-post-thumbnail","6":"product_cat-haengematten-mit-gestell","7":"product_tag-hamac-suspendu","9":"first","10":"instock","11":"taxable","12":"shipping-taxable","13":"purchasable","14":"product-type-variable"},"_links":{"self":[{"href":"https:\/\/hammocknest.com\/de\/wp-json\/wp\/v2\/product\/11857","targetHints":{"allow":["GET"]}}],"collection":[{"href":"https:\/\/hammocknest.com\/de\/wp-json\/wp\/v2\/product"}],"about":[{"href":"https:\/\/hammocknest.com\/de\/wp-json\/wp\/v2\/types\/product"}],"replies":[{"embeddable":true,"href":"https:\/\/hammocknest.com\/de\/wp-json\/wp\/v2\/comments?post=11857"}],"wp:featuredmedia":[{"embeddable":true,"href":"https:\/\/hammocknest.com\/de\/wp-json\/wp\/v2\/media\/12146"}],"wp:attachment":[{"href":"https:\/\/hammocknest.com\/de\/wp-json\/wp\/v2\/media?parent=11857"}],"wp:term":[{"taxonomy":"product_brand","embeddable":true,"href":"https:\/\/hammocknest.com\/de\/wp-json\/wp\/v2\/product_brand?post=11857"},{"taxonomy":"product_cat","embeddable":true,"href":"https:\/\/hammocknest.com\/de\/wp-json\/wp\/v2\/product_cat?post=11857"},{"taxonomy":"product_tag","embeddable":true,"href":"https:\/\/hammocknest.com\/de\/wp-json\/wp\/v2\/product_tag?post=11857"}],"curies":[{"name":"wp","href":"https:\/\/api.w.org\/{rel}","templated":true}]}}